{"id":800,"date":"2024-02-01T13:24:51","date_gmt":"2024-02-01T13:24:51","guid":{"rendered":"https:\/\/flowervendingmachine.co.uk\/privatumo-politika\/"},"modified":"2024-07-02T21:16:15","modified_gmt":"2024-07-02T20:16:15","slug":"privatumo-politika","status":"publish","type":"page","link":"https:\/\/flowervendingmachine.co.uk\/lt\/privatumo-politika\/","title":{"rendered":"Privatumo politika"},"content":{"rendered":"\n<h2 class=\"wp-block-heading\">Kas mes esame<\/h2>\n\n<p>&#8222;Heart Felt Bloom LTD&#8221; yra Anglijoje ir Velse registruota bendrov\u0117, kurios registracijos numeris yra 15268325, o registruotas adresas &#8211; Meadway House 38A, Station Road West, Oxted, RH8 9EU. &#8222;Heart Felt Bloom LTD&#8221; valdo svetain\u0119 flowervendingmachine.co.uk (\u012fskaitant visus subdomenus). &#8222;Heart Felt Bloom LTD&#8221; vykdo veikl\u0105 kaip &#8222;Heartfelt Bloom&#8221; (\u0161ioje politikoje &#8211; &#8222;Heartfelt Bloom&#8221;, &#8222;mes&#8221;, &#8222;mus&#8221;, &#8222;m\u016bs\u0173&#8221;).<\/p>\n\n<h2 class=\"wp-block-heading\">Teisinis pagrindas<\/h2>\n\n<p>Informacij\u0105 naudojame u\u017esakymams apdoroti, produktams ir paslaugoms pristatyti, mok\u0117jimams ir sandoriams apdoroti, informuoti jus apie u\u017esakymo b\u016bkl\u0119 ir eig\u0105, produktus, paslaugas ir reklaminius pasi\u016blymus, atnaujinti savo \u012fra\u0161us ir apskritai tvarkyti j\u016bs\u0173 paskyras, rodyti turin\u012f, pvz., klient\u0173 atsiliepimus, ir rekomenduoti paslaugas bei pasi\u016blymus, kurie gali jus sudominti.<\/p>\n\n<h2 class=\"wp-block-heading\">Teis\u0117ti interesai<\/h2>\n\n<p>\u0160i\u0105 informacij\u0105 taip pat naudojame siekdami pagerinti savo paslaugas, u\u017ekirsti keli\u0105 suk\u010diavimui ar piktnaud\u017eiavimui m\u016bs\u0173 svetaine arba j\u012f aptikti ir suteikti galimyb\u0119 tre\u010diosioms \u0161alims m\u016bs\u0173 vardu atlikti technines, logistines ar kitas funkcijas. Tre\u010diosios \u0161alys, su kuriomis nesudarytos sutartys, \u012fsipareigoja teis\u0117tai saugoti perduot\u0105 informacij\u0105 ir yra \u012fpareigotos per 30 dien\u0173 i\u0161trinti j\u016bs\u0173 u\u017esakymui apdoroti perduotus duomenis. Gav\u0119 sutikim\u0105, sutinkate, kad j\u016bs\u0173 informacija b\u016bt\u0173 renkama, naudojama ir perduodama pagal \u0161ios politikos s\u0105lygas rinkodaros ir j\u016bs\u0173 u\u017esakymo tvarkymo tikslais.<\/p>\n\n<h2 class=\"wp-block-heading\">Informacija, kuri\u0105 renkame i\u0161 j\u016bs\u0173<\/h2>\n\n<p>Kai lankot\u0117s, registruojat\u0117s arba u\u017esakote produktus ar paslaugas, j\u016bs\u0173 gali b\u016bti papra\u0161yta pateikti tam tikr\u0105 informacij\u0105 apie save, \u012fskaitant vard\u0105, pavard\u0119, atsiskaitymo duomenis, gav\u0117jo vard\u0105 ir adres\u0105.<\/p>\n\n<p><strong>Nesaugome joki\u0173 finansini\u0173 duomen\u0173, \u012fskaitant kredito ar debeto korteli\u0173 informacij\u0105.<\/strong><\/p>\n\n<p>Taip pat galime rinkti informacij\u0105 apie j\u016bs\u0173 naudojim\u0105si m\u016bs\u0173 svetaine, taip pat informacij\u0105 apie jus, gaut\u0105 i\u0161 \u017einu\u010di\u0173, kurias ra\u0161ote svetain\u0117je, ir elektronini\u0173 lai\u0161k\u0173 ar lai\u0161k\u0173, kuriuos mums siun\u010diate. Skambu\u010diai \u012fra\u0161omi mokymo ir steb\u0117senos tikslais.<\/p>\n\n<p>Nor\u0117dami susipa\u017einti su m\u016bs\u0173 turimais duomenimis arba at\u0161aukti sutikim\u0105, ra\u0161ykite el. pa\u0161tu <a href=\"mailto:info@flowervendingmachine.co.uk\">info@flowervendingmachine.co.uk<\/a>.<\/p>\n\n<p>Saugome esmin\u0119 informacij\u0105, reikaling\u0105 \u0161iai sutar\u010diai vykdyti. Pa\u0161aliname vis\u0105 informacij\u0105, kurios tvarkym\u0105 grind\u017eiame sutikimu ir tvarkymu teis\u0117tais tikslais. Duomenys bus pa\u0161alinti po to, kai informacija nebebus reikalinga \u0161iam tikslui. Jei norite tai aptarti i\u0161samiau, susisiekite su mumis <a href=\"mailto:info@flowervendingmachine.co.uk\">info@flowervendingmachine.co.uk<\/a>.<\/p>\n\n<h2 class=\"wp-block-heading\">Renkamos informacijos tipai<\/h2>\n\n<p>Renkame informacij\u0105, kuri\u0105 mums pateikiate savo interneto svetain\u0117se arba perduodate bet kokiu kitu b\u016bdu &#8211; pa\u0161tu arba telefonu.<\/p>\n\n<p>Automati\u0161kai saugoma informacija, naudojame slapukus ir gauname informacij\u0105, kai j\u016bs\u0173 nar\u0161ykl\u0117 prisijungia prie m\u016bs\u0173 svetain\u0117s.<\/p>\n\n<p>Elektroninio pa\u0161to prane\u0161imai: Kad gal\u0117tume reklamuoti tik konkre\u010dius pasi\u016blymus ir nauding\u0105 informacij\u0105, galime gauti patvirtinim\u0105, kai atidarote &#8222;Heart Felt Bloom&#8221; el. lai\u0161k\u0105.<\/p>\n\n<h2 class=\"wp-block-heading\">Pasi\u016blymai su bendrais prek\u0117s \u017eenklais<\/h2>\n\n<p>Gav\u0119 sutikim\u0105, galime si\u016blyti bendrus arba bendro prek\u0117s \u017eenklo produktus ir paslaugas.<\/p>\n\n<h2 class=\"wp-block-heading\">J\u016bs\u0173 informacijos naudojimas<\/h2>\n\n<p>Niekada neparduodame j\u016bs\u0173 informacijos jokiai tre\u010diajai \u0161aliai.<\/p>\n\n<p>J\u016bs\u0173 informacija leis mums suteikti jums prieig\u0105 prie vis\u0173 m\u016bs\u0173 svetain\u0117s dali\u0173 ir suteikti j\u016bs\u0173 u\u017esakytas prekes ar paslaugas. Taip pat gal\u0117sime i\u0161ra\u0161yti jums s\u0105skait\u0105 ir prireikus susisiekti su jumis d\u0117l j\u016bs\u0173 u\u017esakym\u0173. Surinkt\u0105 informacij\u0105 taip pat naudosime ir analizuosime administruodami, palaikydami, tobulindami ir pl\u0117todami savo versl\u0105. Vis\u0173 pirma, j\u016bs\u0173 informacij\u0105 galime naudoti nor\u0117dami susisiekti su jumis, kad su\u017einotume j\u016bs\u0173 nuomon\u0119 apie m\u016bs\u0173 paslaugas, ir retkar\u010diais informuoti jus apie svarbius svetain\u0117s ar m\u016bs\u0173 paslaug\u0173 poky\u010dius ar pl\u0117tr\u0105.<\/p>\n\n<p>Be to, jei sutikote, galime naudoti j\u016bs\u0173 informacij\u0105, kad el. pa\u0161tu informuotume jus apie kitus m\u016bs\u0173 si\u016blomus produktus ir paslaugas, kurios gali jus sudominti. Jei ateityje persigalvosite, ar norite, kad su jumis b\u016bt\u0173 susisiekta, prane\u0161kite mums apie tai.<\/p>\n\n<p>J\u016bs\u0173 duomenis saugome ne trumpiau kaip 12 m\u0117nesi\u0173 nuo sutikimo gavimo dienos, ta\u010diau jie bus saugomi tik tiek, kiek b\u016btina.<\/p>\n\n<p>U\u017esakym\u0173 vykdymo ir funkcij\u0173 vykdymo m\u016bs\u0173 vardu tikslais galime bendradarbiauti su susijusiomis \u012fmon\u0117mis, pavyzd\u017eiui, tre\u010di\u0173j\u0173 \u0161ali\u0173 tiek\u0117jais, \u012fsik\u016brusiais Jungtin\u0117je Karalyst\u0117je, Europoje ir tarptautiniu mastu.<\/p>\n\n<p>J\u016bs\u0173 duomenis galime naudoti pakartotinei rinkodarai, kad pateiktume asmeninius skelbimus. Partneriai, kuriuos pasitelkiame \u0161iai paslaugai teikti, naudojami reklamai personalizuoti, analizei arba steb\u0117jimui, reikalingam svetain\u0117s funkcionalumui palaikyti. Atkreipkite d\u0117mes\u012f, kad formos duomenys renkami \u0161iais tikslais;<\/p>\n\n<ul class=\"wp-block-list\">\n<li>&#8222;Google&#8221; skelbimai<\/li>\n\n\n\n<li>&#8222;Google Analytics<\/li>\n\n\n\n<li>Bing<\/li>\n\n\n\n<li>&#8222;Facebook&#8221;<\/li>\n<\/ul>\n\n<h2 class=\"wp-block-heading\">Apsauga<\/h2>\n\n<p>Duomenis atskleid\u017eiame, jei manome, kad tai b\u016btina siekiant laikytis \u012fstatym\u0173, apsaugoti m\u016bs\u0173 s\u0105lygas ir terminus bei &#8222;Heart Felt Bloom LTD&#8221; saugum\u0105 ir nuosavyb\u0119. Gav\u0119 sutikim\u0105, gausite prane\u0161im\u0105, kai j\u016bs\u0173 informacija gali b\u016bti dalijamasi su tre\u010diosiomis \u0161alimis, ir gal\u0117site pasirinkti, kad informacija neb\u016bt\u0173 dalijamasi.<\/p>\n\n<h2 class=\"wp-block-heading\">J\u016bs\u0173 informacijos atskleidimas<\/h2>\n\n<p>Prie j\u016bs\u0173 pateiktos informacijos gali prieiti tre\u010diosios \u0161alys, kai kurios i\u0161 j\u0173 gali b\u016bti \u012fsik\u016brusios u\u017e Europos ekonomin\u0117s erdv\u0117s rib\u0173, kurios veikia m\u016bs\u0173 vardu \u0161ioje politikoje nurodytais arba kitais j\u016bs\u0173 patvirtintais tikslais. \u0160ios \u0161alys tvarko informacij\u0105, vykdo ir pristato u\u017esakymus, apdoroja kredito korteli\u0173 mok\u0117jimus ir teikia pagalb\u0105 bei paslaugas m\u016bs\u0173 vardu.<\/p>\n\n<p>Taip pat galime perduoti apibendrint\u0105 informacij\u0105 apie naudojim\u0105si m\u016bs\u0173 svetaine tre\u010diosioms \u0161alims, ta\u010diau tai nebus informacija, pagal kuri\u0105 b\u016bt\u0173 galima nustatyti j\u016bs\u0173 tapatyb\u0119. Jei pateikdami mums savo duomenis sutikote, galime leisti kitoms m\u016bs\u0173 grup\u0117s \u012fmon\u0117ms kartais susisiekti su jumis d\u0117l jus dominan\u010di\u0173 produkt\u0173 ir paslaug\u0173. Pavyzd\u017eiui, i\u0161 vieno i\u0161 m\u016bs\u0173 kurjeri\u0173 paslaug\u0173 teik\u0117j\u0173 galite gauti naujausi\u0105 informacij\u0105 apie pristatym\u0105. Jie gali susisiekti su jumis el. pa\u0161tu. Jei ateityje persigalvosite, ar norite, kad su jumis susisiekt\u0173 \u0161ios bendrov\u0117s, prane\u0161kite mums apie tai el. pa\u0161tu <a href=\"mailto:info@flowervendingmachine.co.uk\">info@flowervendingmachine.co.uk<\/a>.<\/p>\n\n<p>Jei m\u016bs\u0173 verslas sudaro bendr\u0105 \u012fmon\u0119 su kitu verslo subjektu, yra jam parduodamas arba susijungia su juo, j\u016bs\u0173 informacija gali b\u016bti atskleista naujiems verslo partneriams ar savininkams. \u0160alyse, esan\u010diose u\u017e Jungtin\u0117s Karalyst\u0117s ar Europos ekonomin\u0117s erdv\u0117s rib\u0173, ne visada galioja grie\u017eti duomen\u0173 apsaugos \u012fstatymai. Ta\u010diau visada imsim\u0117s priemoni\u0173, kad u\u017etikrintume, jog tre\u010diosios \u0161alys j\u016bs\u0173 informacij\u0105 naudot\u0173 pagal \u0161i\u0105 politik\u0105, ir esame \u012fsipareigoj\u0119 atlikti deramo patikrinimo proces\u0105 prie\u0161 bendradarbiaudami su tokiomis \u0161alimis. Jei to nereikalauja \u012fstatymai, be j\u016bs\u0173 sutikimo nesidalijame, neparduodame ir neplatiname jokios j\u016bs\u0173 pateiktos informacijos.<\/p>\n\n<h2 class=\"wp-block-heading\">Slapukai<\/h2>\n\n<p>Slapukai &#8211; tai nedideli informacijos kiekiai, kuriuos saugome j\u016bs\u0173 kompiuteryje.<\/p>\n\n<p>Kai prisijungiate prie svetain\u0117s, m\u016bs\u0173 sistemos \u012f j\u016bs\u0173 kompiuter\u012f \u012fra\u0161o slapukus. Slapukai leid\u017eia prisijungti prie svetain\u0117s ir ja naudotis b\u016bsim\u0173 apsilankym\u0173 metu. Jie taip pat leid\u017eia mums steb\u0117ti svetain\u0117s lankomum\u0105 ir pritaikyti svetain\u0117s turin\u012f jums. Galite nustatyti, kad j\u016bs\u0173 kompiuteris atmest\u0173 slapukus, vadovaudamiesi atitinkamais nurodymais, kuriuos rasite adresu <a href=\"http:\/\/www.aboutcookies.org\">www.aboutcookies.org<\/a>. Tokiu atveju negal\u0117site naudotis tam tikromis m\u016bs\u0173 svetain\u0117s funkcijomis. Jei nenorite ateityje gauti slapuk\u0173, prane\u0161kite mums apie tai el. pa\u0161tu <a href=\"mailto:info@flowervendingmachine.co.uk\">info@flowervendingmachine.co.uk<\/a>.<\/p>\n\n<p>Daugiau informacijos apie slapukus rasite m\u016bs\u0173 <a href=\"https:\/\/flowervendingmachine.co.uk\/lt\/?page_id=787\">slapuk\u0173 politikoje<\/a>.<\/p>\n\n<h2 class=\"wp-block-heading\">Saugumas ir duomen\u0173 saugojimas<\/h2>\n\n<p>Taikome saugumo priemones, kad apsaugotume j\u016bs\u0173 informacij\u0105 nuo ne\u012fgaliot\u0173 asmen\u0173 prieigos, neteis\u0117to tvarkymo, atsitiktinio praradimo, sunaikinimo ir sugadinimo. J\u016bs\u0173 informacij\u0105 saugosime pagr\u012fst\u0105 laikotarp\u012f arba tiek, kiek to reikalauja \u012fstatymai. Naudojame SSL programin\u0119 \u012frang\u0105, kuri \u0161ifruoja j\u016bs\u0173 informacij\u0105 ir u\u017etikrina elektronines apsaugos priemones, susijusias su duomen\u0173 rinkimu.<\/p>\n\n<p>J\u016bs\u0173 duomenis saugome ma\u017eiausiai 12 m\u0117nesi\u0173 nuo sutikimo gavimo. U\u017esakym\u0173 informacija ir istorija saugoma tol, kol pateikiamas pra\u0161ymas j\u0105 pa\u0161alinti. To galite papra\u0161yti el. pa\u0161tu <a href=\"mailto:info@flowervendingmachine.co.uk\">info@flowervendingmachine.co.uk<\/a>.<\/p>\n\n<h2 class=\"wp-block-heading\">Prieiga ir atnaujinimas<\/h2>\n\n<p>Turite teis\u0119 susipa\u017einti su apie jus turima informacija ir galite pra\u0161yti, kad padarytume reikiamus pakeitimus ir u\u017etikrintume, kad ji b\u016bt\u0173 tiksli ir nuolat atnaujinama. Jei norite tai padaryti, susisiekite su mumis el. pa\u0161tu <a href=\"mailto:info@flowervendingmachine.co.uk\">info@flowervendingmachine.co.uk<\/a>. U\u017e pirminius pra\u0161ymus mokestis netaikomas.<\/p>\n\n<h2 class=\"wp-block-heading\">Vaikai<\/h2>\n\n<p>&#8222;Heart Felt Bloom LTD&#8221; neparduoda produkt\u0173, skirt\u0173 vaikams (jaunesniems nei 16 met\u0173). Suaugusieji perka vaikams skirtus produktus. Vaiko asmens duomen\u0173 tvarkymas yra teis\u0117tas, kai vaikui yra ne ma\u017eiau kaip 16 met\u0173. Jei vaikas yra jaunesnis nei 16 met\u0173, duomen\u0173 tvarkymas yra teis\u0117tas tik tuo atveju, jei t\u0117v\u0173 pareig\u0173 tur\u0117tojas duoda sutikim\u0105.<\/p>\n\n<h2 class=\"wp-block-heading\">M\u016bs\u0173 privatumo politikos pakeitimai<\/h2>\n\n<p>Bet kokie b\u016bsimi m\u016bs\u0173 privatumo politikos pakeitimai bus skelbiami svetain\u0117je ir, jei reikia, prane\u0161ama el. pa\u0161tu.<\/p>\n\n<h2 class=\"wp-block-heading\">J\u016bs\u0173 teis\u0117s<\/h2>\n\n<p>J\u016bs turite teis\u0119 pra\u0161yti nukopijuoti savo duomen\u0173 pagalb\u0105 &#8222;Heart Felt Bloom LTD&#8221;.<\/p>\n\n<ul class=\"wp-block-list\">\n<li>Teis\u0117 susipa\u017einti su informacija &#8211; turite teis\u0119 pra\u0161yti m\u016bs\u0173 turimos informacijos apie jus kopijos.<\/li>\n\n\n\n<li>Teis\u0117 i\u0161taisyti &#8211; turite teis\u0119 i\u0161taisyti netikslius arba nei\u0161samius m\u016bs\u0173 turimus duomenis apie jus.<\/li>\n\n\n\n<li>Teis\u0117 b\u016bti pamir\u0161tam &#8211; tam tikromis aplinkyb\u0117mis galite papra\u0161yti, kad m\u016bs\u0173 turimi duomenys apie jus b\u016bt\u0173 i\u0161trinti i\u0161 m\u016bs\u0173 \u012fra\u0161\u0173.<\/li>\n\n\n\n<li>Teis\u0117 apriboti duomen\u0173 tvarkym\u0105 &#8211; kai taikomos tam tikros s\u0105lygos, turite teis\u0119 apriboti duomen\u0173 tvarkym\u0105.<\/li>\n\n\n\n<li>Teis\u0117 \u012f perk\u0117lim\u0105 &#8211; turite teis\u0119 reikalauti, kad m\u016bs\u0173 turimi j\u016bs\u0173 duomenys b\u016bt\u0173 perduoti kitai organizacijai.<\/li>\n\n\n\n<li>Teis\u0117 nesutikti &#8211; turite teis\u0119 nesutikti su tam tikrais duomen\u0173 tvarkymo b\u016bdais, pvz., tiesiogine rinkodara.<\/li>\n\n\n\n<li>Teis\u0117 nesutikti su automatizuotu duomen\u0173 tvarkymu, \u012fskaitant profiliavim\u0105 &#8211; taip pat turite teis\u0119 nesutikti su automatizuotu duomen\u0173 tvarkymu ar profiliavimu.<\/li>\n<\/ul>\n\n<h2 class=\"wp-block-heading\">Teis\u0117 \u012f teismin\u0119 per\u017ei\u016br\u0105<\/h2>\n\n<p>Jei &#8222;Heart Felt Bloom LTD&#8221; atmes j\u016bs\u0173 pra\u0161ym\u0105 pagal prieigos teises, pateiksime jums prie\u017east\u012f. Turite teis\u0119 pateikti skund\u0105, kaip nurodyta toliau.<\/p>\n\n<p>Tam tikrais atvejais \u0161ios teis\u0117s gali b\u016bti ribojamos. Jei norite gauti daugiau informacijos apie \u0161ias teises, ra\u0161ykite el. pa\u0161tu <a href=\"mailto:info@flowervendingmachine.co.uk\">info@flowervendingmachine.co.uk<\/a> arba galite ra\u0161yti m\u016bs\u0173 duomen\u0173 apsaugos pareig\u016bnui adresu:<\/p>\n\n<p>Duomen\u0173 apsaugos pareig\u016bnas<br\/>\u0160irdies \u0161irdis Felt Bloom LTD<br\/>Meadv\u0117jaus namas 38A<br\/>Station Road West<br\/>Oxted<br\/>RH8 9EU<br\/>Jungtin\u0117 Karalyst\u0117<\/p>\n\n<p>\u012e visas u\u017eklausas bus atsakyta per 7 darbo dienas nuo u\u017eklausos gavimo. Galime papra\u0161yti pateikti asmeninius duomenis, kad rastume apie jus turim\u0105 informacij\u0105.<\/p>\n\n<p>Jei atsakymas j\u016bs\u0173 netenkina, galite pateikti skund\u0105 Informacijos komisaro tarnybai (ICO). Daugiau informacijos, kaip tai padaryti, rasite adresu <a href=\"http:\/\/www.ico.org.uk\">www.ico.org.uk<\/a>.<\/p>\n\n<h2 class=\"wp-block-heading\">Susisiekite su<\/h2>\n\n<p>Visos pastabos, u\u017eklausos ir pra\u0161ymai, susij\u0119 su j\u016bs\u0173 informacijos naudojimu, yra laukiami ir tur\u0117t\u0173 b\u016bti siun\u010diami adresu info@<a href=\"mailto:info@flowervendingmachine.co.uk\">info@flowervendingmachine.co.uk.<\/a><\/p>\n","protected":false},"excerpt":{"rendered":"<p>Kas mes esame &#8222;Heart Felt Bloom LTD&#8221; yra Anglijoje ir Velse registruota bendrov\u0117, kurios registracijos numeris yra 15268325, o registruotas adresas &#8211; Meadway House 38A, Station Road West, Oxted, RH8 9EU. &#8222;Heart Felt Bloom LTD&#8221; valdo svetain\u0119 flowervendingmachine.co.uk (\u012fskaitant visus subdomenus). &#8222;Heart Felt Bloom LTD&#8221; vykdo veikl\u0105 kaip &#8222;Heartfelt Bloom&#8221; (\u0161ioje politikoje &#8211; &#8222;Heartfelt Bloom&#8221;, [&hellip;]<\/p>\n","protected":false},"author":1,"featured_media":0,"parent":0,"menu_order":0,"comment_status":"closed","ping_status":"open","template":"","meta":{"footnotes":""},"class_list":["post-800","page","type-page","status-publish","hentry"],"aioseo_notices":[],"_links":{"self":[{"href":"https:\/\/flowervendingmachine.co.uk\/lt\/wp-json\/wp\/v2\/pages\/800","targetHints":{"allow":["GET"]}}],"collection":[{"href":"https:\/\/flowervendingmachine.co.uk\/lt\/wp-json\/wp\/v2\/pages"}],"about":[{"href":"https:\/\/flowervendingmachine.co.uk\/lt\/wp-json\/wp\/v2\/types\/page"}],"author":[{"embeddable":true,"href":"https:\/\/flowervendingmachine.co.uk\/lt\/wp-json\/wp\/v2\/users\/1"}],"replies":[{"embeddable":true,"href":"https:\/\/flowervendingmachine.co.uk\/lt\/wp-json\/wp\/v2\/comments?post=800"}],"version-history":[{"count":2,"href":"https:\/\/flowervendingmachine.co.uk\/lt\/wp-json\/wp\/v2\/pages\/800\/revisions"}],"predecessor-version":[{"id":805,"href":"https:\/\/flowervendingmachine.co.uk\/lt\/wp-json\/wp\/v2\/pages\/800\/revisions\/805"}],"wp:attachment":[{"href":"https:\/\/flowervendingmachine.co.uk\/lt\/wp-json\/wp\/v2\/media?parent=800"}],"curies":[{"name":"wp","href":"https:\/\/api.w.org\/{rel}","templated":true}]}}