{"id":796,"date":"2024-02-08T06:32:07","date_gmt":"2024-02-08T06:32:07","guid":{"rendered":"https:\/\/flowervendingmachine.co.uk\/taisykles-ir-salygos\/"},"modified":"2024-07-02T21:16:15","modified_gmt":"2024-07-02T20:16:15","slug":"taisykles-ir-salygos","status":"publish","type":"page","link":"https:\/\/flowervendingmachine.co.uk\/lt\/taisykles-ir-salygos\/","title":{"rendered":"Taisykl\u0117s ir s\u0105lygos"},"content":{"rendered":"\n<h2 class=\"wp-block-heading\">Kas mes esame<\/h2>\n\n<p>&#8222;Heart Felt Bloom LTD&#8221; yra Anglijoje ir Velse registruota bendrov\u0117, kurios registracijos numeris yra 15268325, o registruotasis adresas &#8211; Meadway House 38A, Station Road West, Oxted, RH8 9EU. &#8222;Heart Felt Bloom LTD&#8221; valdo svetain\u0119 flowervendingmachine.co.uk (\u012fskaitant visus subdomenus). &#8222;Heart Felt Bloom LTD&#8221; vykdo veikl\u0105 kaip &#8222;Heartfelt Bloom&#8221; (\u0161ioje politikoje: &#8222;Heartfelt Bloom&#8221;, &#8222;mes&#8221;, &#8222;mus&#8221;, &#8222;m\u016bs\u0173&#8221;).<\/p>\n\n<h2 class=\"wp-block-heading\">I\u0161imtys<\/h2>\n\n<p>\u0160ios Taisykl\u0117s ir s\u0105lygos netaikomos produktams ir paslaugoms. Produkto ar paslaugos s\u0105lygas rasite pirkimo sutartyje.  <\/p>\n\n<h2 class=\"wp-block-heading\">U\u017esakymai<\/h2>\n\n<p>Atsi\u017evelgiant \u012f m\u016bs\u0173 teikiam\u0173 produkt\u0173 ir paslaug\u0173 pob\u016bd\u012f, reikalaujame tiesiogiai susisiekti su mumis, kad aptartum\u0117te s\u0105lygas ir pateiktum\u0117te u\u017esakym\u0105. Susisiekite su mumis tinkamiausiu kontaktiniu variantu i\u0161 m\u016bs\u0173 puslapio &#8221; <a href=\"https:\/\/flowervendingmachine.co.uk\/lt\/?page_id=782\">Susisiekite su mumis<\/a> &#8222;.<\/p>\n\n<h2 class=\"wp-block-heading\">Klient\u0173 aptarnavimas<\/h2>\n\n<p>M\u016bs\u0173 klient\u0173 aptarnavimo komanda yra pasirengusi pad\u0117ti atsakyti \u012f bet kokius klausimus ar problemas, susijusias su m\u016bs\u0173 produktais ir paslaugomis. Susisiekite su mumis bet kuriuo tinkamu kanalu, nurodytu m\u016bs\u0173 puslapyje &#8221; <a href=\"https:\/\/flowervendingmachine.co.uk\/lt\/?page_id=782\">Susisiekite su mumis<\/a> &#8222;.<\/p>\n\n<p><strong>Darbo valandos<\/strong>: Nuo pirmadienio iki penktadienio dirbame nuo 9:00 iki 18:00 val.<\/p>\n\n<h2 class=\"wp-block-heading\">Draud\u017eiama veikla<\/h2>\n\n<p>Negalite pasiekti ar naudoti Svetain\u0117s jokiais kitais tikslais, i\u0161skyrus tuos, kuriais mes suteikiame galimyb\u0119 naudotis Svetaine. Svetain\u0117 negali b\u016bti naudojama jokiems komerciniams tikslams, i\u0161skyrus tuos, kuriuos mes specialiai patvirtinome ar patvirtinome.<\/p>\n\n<p>B\u016bdami Svetain\u0117s naudotojas, j\u016bs sutinkate:<\/p>\n\n<ul class=\"wp-block-list\">\n<li>sistemingai rinkti duomenis ar kit\u0105 turin\u012f i\u0161 Svetain\u0117s, kad tiesiogiai ar netiesiogiai sukurtum\u0117te ar sudarytum\u0117te rinkin\u012f, kompiliacij\u0105, duomen\u0173 baz\u0119 ar katalog\u0105 be m\u016bs\u0173 ra\u0161ti\u0161ko leidimo.<\/li>\n\n\n\n<li>neleistinai naudotis Svetaine, \u012fskaitant naudotoj\u0173 vard\u0173 ir (arba) el. pa\u0161to adres\u0173 rinkim\u0105 elektronin\u0117mis ar kitomis priemon\u0117mis siekiant si\u0173sti nepageidaujamus el. lai\u0161kus, arba naudotoj\u0173 paskyr\u0173 k\u016brim\u0105 automatizuotomis priemon\u0117mis ar prisidengiant melagingais duomenimis.<\/li>\n\n\n\n<li>Naudoti pirkimo agent\u0105 arba pirkimo tarpinink\u0105 pirkiniams Svetain\u0117je atlikti.<\/li>\n\n\n\n<li>Naudoti Svetain\u0119 reklamuojant arba si\u016blant parduoti prekes ir paslaugas.<\/li>\n\n\n\n<li>apeiti, i\u0161jungti ar kitaip trukdyti su saugumu susijusioms Svetain\u0117s funkcijoms, \u012fskaitant funkcijas, kurios u\u017ekerta keli\u0105 ar apriboja bet kokio Turinio naudojim\u0105 ar kopijavim\u0105 arba nustato Svetain\u0117s ir (arba) joje esan\u010dio Turinio naudojimo apribojimus.<\/li>\n\n\n\n<li>neleistinai \u012fr\u0117minti Svetain\u0119 arba pateikti nuorodas \u012f j\u0105.<\/li>\n\n\n\n<li>apgaudin\u0117ti, suk\u010diauti ar klaidinti mus ir kitus naudotojus, ypa\u010d bandant su\u017einoti jautri\u0105 paskyros informacij\u0105, pavyzd\u017eiui, naudotojo slapta\u017eod\u017eius.<\/li>\n\n\n\n<li>netinkamai naudotis m\u016bs\u0173 paramos paslaugomis arba teikti melagingus prane\u0161imus apie piktnaud\u017eiavim\u0105 ar netinkam\u0105 elges\u012f.<\/li>\n\n\n\n<li>Naudoti sistem\u0105 automatiniu b\u016bdu, pavyzd\u017eiui, naudojant scenarijus komentarams ar prane\u0161imams si\u0173sti arba naudojant duomen\u0173 gavybos, robot\u0173 ar pana\u0161ias duomen\u0173 rinkimo ir i\u0161gavimo priemones.<\/li>\n\n\n\n<li>trukdyti, trikdyti ar sudaryti nepagr\u012fst\u0105 na\u0161t\u0105 Svetainei arba prie Svetain\u0117s prijungtiems tinklams ar paslaugoms.<\/li>\n\n\n\n<li>bandyti apsimesti kitu naudotoju ar asmeniu arba naudoti kito naudotojo naudotojo vard\u0105.<\/li>\n\n\n\n<li>parduoti ar kitaip perduoti savo profil\u012f.<\/li>\n\n\n\n<li>Naudoti bet koki\u0105 i\u0161 Svetain\u0117s gaut\u0105 informacij\u0105 siekiant priekabiauti, \u012f\u017eeidin\u0117ti ar kenkti kitam asmeniui.<\/li>\n\n\n\n<li>Naudoti Svetain\u0119 siekiant konkuruoti su mumis arba kitaip naudoti Svetain\u0119 ir (arba) Turin\u012f bet kokiai pajamas generuojan\u010diai veiklai ar komercinei \u012fmonei.<\/li>\n\n\n\n<li>i\u0161\u0161ifruoti, dekompiliuoti, i\u0161ardyti ar i\u0161versti atgaline tvarka bet koki\u0105 programin\u0119 \u012frang\u0105, kuri sudaro Svetain\u0119 arba bet kokiu b\u016bdu yra jos dalis.<\/li>\n\n\n\n<li>Bandyti apeiti bet kokias Svetain\u0117s priemones, skirtas u\u017ekirsti keli\u0105 prieigai prie Svetain\u0117s ar bet kurios jos dalies arba j\u0105 apriboti.<\/li>\n\n\n\n<li>priekabiauti, erzinti, g\u0105sdinti ar grasinti bet kuriam i\u0161 m\u016bs\u0173 darbuotoj\u0173 ar agent\u0173, kurie teikia jums bet kuri\u0105 Svetain\u0117s dal\u012f.<\/li>\n\n\n\n<li>i\u0161trinti autori\u0173 teisi\u0173 ar kit\u0173 nuosavyb\u0117s teisi\u0173 prane\u0161im\u0105 i\u0161 bet kokio Turinio.<\/li>\n\n\n\n<li>kopijuoti ar pritaikyti Svetain\u0117s programin\u0119 \u012frang\u0105, \u012fskaitant, bet neapsiribojant, Flash, PHP, HTML, JavaScript ar kit\u0105 kod\u0105.<\/li>\n\n\n\n<li>\u012ekelti ar perduoti (arba bandyti \u012fkelti ar perduoti) virusus, Trojos arklius ar kit\u0105 med\u017eiag\u0105, \u012fskaitant pernelyg didel\u012f did\u017ei\u0173j\u0173 raid\u017ei\u0173 naudojim\u0105 ir nepageidaujam\u0173 lai\u0161k\u0173 siuntim\u0105 (nuolatin\u012f besikartojan\u010dio teksto skelbim\u0105), kuri trukdo bet kuriai \u0161aliai nepertraukiamai naudotis Svetaine ir m\u0117gautis ja arba kei\u010dia, blogina, trikdo, kei\u010dia ar trukdo naudotis Svetaine, jos savyb\u0117mis, funkcijomis, veikimu ar prie\u017ei\u016bra.<\/li>\n\n\n\n<li>\u012ekelti ar perduoti (arba bandyti \u012fkelti ar perduoti) bet koki\u0105 med\u017eiag\u0105, kuri veikia kaip pasyvus ar aktyvus informacijos rinkimo ar perdavimo mechanizmas, \u012fskaitant, bet neapsiribojant, ai\u0161kius grafikos main\u0173 formatus (&#8222;gif&#8221;), 1\u00d71 pikselius, \u017einiatinklio klaidas, slapukus ar kitus pana\u0161ius \u012frenginius (kartais vadinamus &#8222;\u0161nipin\u0117jimo programine \u012franga&#8221;, &#8222;pasyviais rinkimo mechanizmais&#8221; arba &#8222;pcms&#8221;).<\/li>\n\n\n\n<li>I\u0161skyrus atvejus, kai tai gali b\u016bti standartin\u0117s paie\u0161kos sistemos ar interneto nar\u0161ykl\u0117s naudojimo rezultatas, nenaudoti, nepaleisti, nesukurti ar neplatinti jokios automatizuotos sistemos, \u012fskaitant, bet neapsiribojant, bet kok\u012f vor\u0105, robot\u0105, suk\u010diavimo \u012frank\u012f, grandikl\u012f ar neprisijungus\u012f skaitytuv\u0105, kuris pasiekia Svetain\u0119, arba nenaudoti ar nepaleisti jokio neautorizuoto scenarijaus ar kitos programin\u0117s \u012frangos.<\/li>\n\n\n\n<li>menkinti, menkinti ar kitaip kenkti, m\u016bs\u0173 nuomone, mums ir (arba) Svetainei.<\/li>\n\n\n\n<li>Naudoti Svetain\u0119 nesilaikant joki\u0173 galiojan\u010di\u0173 \u012fstatym\u0173 ar taisykli\u0173.<\/li>\n<\/ul>\n\n<h2 class=\"wp-block-heading\">Naudotojo sukurti \u012fna\u0161ai<\/h2>\n\n<p>Svetain\u0117je galite b\u016bti kvie\u010diami bendrauti, prisid\u0117ti prie tinklara\u0161\u010di\u0173, prane\u0161im\u0173 lent\u0173, internetini\u0173 forum\u0173 ir kit\u0173 funkcij\u0173 arba jose dalyvauti, taip pat galite tur\u0117ti galimyb\u0119 kurti, pateikti, skelbti, rodyti, perduoti, atlikti, skelbti, platinti ar transliuoti turin\u012f ir med\u017eiag\u0105 mums arba Svetain\u0117je, \u012fskaitant, bet neapsiribojant, tekst\u0105, ra\u0161inius, vaizdo \u012fra\u0161us, garso \u012fra\u0161us, nuotraukas, grafik\u0105, komentarus, pasi\u016blymus, asmenin\u0119 informacij\u0105 ar kit\u0105 med\u017eiag\u0105 (toliau &#8211; &#8222;\u012ena\u0161ai&#8221;). \u012ena\u0161us gali matyti kiti Svetain\u0117s ir &#8222;Marketplace&#8221; pasi\u016blym\u0173 naudotojai bei tre\u010di\u0173j\u0173 \u0161ali\u0173 svetain\u0117s. Tod\u0117l bet kokie j\u016bs\u0173 perduoti \u012ena\u0161ai gali b\u016bti laikomi nekonfidencialiais ir nepatentuotais. Kurdami ar pateikdami bet kokius \u012ena\u0161us, j\u016bs parei\u0161kiate ir garantuojate, kad:<\/p>\n\n<ul class=\"wp-block-list\">\n<li>J\u016bs\u0173 \u012ena\u0161\u0173 k\u016brimas, platinimas, perdavimas, vie\u0161as rodymas ar atlikimas, prieiga prie j\u0173, atsisiuntimas ar kopijavimas nepa\u017eeid\u017eia ir nepa\u017eeis jokios tre\u010diosios \u0161alies nuosavyb\u0117s teisi\u0173, \u012fskaitant, bet neapsiribojant, autori\u0173 teisi\u0173, patent\u0173, preki\u0173 \u017eenkl\u0173, komercini\u0173 paslap\u010di\u0173 ar moralini\u0173 teisi\u0173.<\/li>\n\n\n\n<li>J\u016bs esate k\u016br\u0117jas ir savininkas arba turite reikiamas licencijas, teises, sutikimus, i\u0161leidimus ir leidimus naudoti ir leisti mums, Svetainei ir kitiems Svetain\u0117s naudotojams naudoti j\u016bs\u0173 \u012ena\u0161us bet kokiu Svetain\u0117je ir \u0161iose S\u0105lygose numatytu b\u016bdu.<\/li>\n\n\n\n<li>Turite ra\u0161ti\u0161k\u0105 kiekvieno j\u016bs\u0173 \u012ena\u0161uose esan\u010dio identifikuojamo asmens sutikim\u0105, leidim\u0105 ir (arba) leidim\u0105 naudoti kiekvieno tokio identifikuojamo asmens vard\u0105 ar atvaizd\u0105, kad b\u016bt\u0173 galima \u012ftraukti ir naudoti j\u016bs\u0173 \u012ena\u0161us bet kokiu Svetain\u0117je ir \u0161iose S\u0105lygose ir s\u0105lygose numatytu b\u016bdu.<\/li>\n\n\n\n<li>J\u016bs\u0173 \u012ena\u0161ai n\u0117ra melagingi, netiksl\u016bs ar klaidinantys.<\/li>\n\n\n\n<li>J\u016bs\u0173 \u012ena\u0161ai n\u0117ra nepra\u0161yta ar neleistina reklama, reklamin\u0117 med\u017eiaga, piramidin\u0117s schemos, grandininiai lai\u0161kai, nepageidaujami elektroniniai lai\u0161kai, masinis siuntin\u0117jimas ar kitokio pob\u016bd\u017eio pra\u0161ymai.<\/li>\n\n\n\n<li>J\u016bs\u0173 \u012ena\u0161ai n\u0117ra nepador\u016bs, nepador\u016bs, nepador\u016bs, nepador\u016bs, ne\u0161vank\u016bs, smurtiniai, priekab\u016bs, \u0161mei\u017eiki\u0161ki, \u0161mei\u017eiki\u0161ki ar kitaip nepriimtini (m\u016bs\u0173 nuomone).<\/li>\n\n\n\n<li>J\u016bs\u0173 \u012fra\u0161uose niekas n\u0117ra i\u0161juokiamas, pa\u0161iepiamas, menkinamas, g\u0105sdinamas ar \u012f\u017eeidin\u0117jamas.<\/li>\n\n\n\n<li>J\u016bs\u0173 \u012ena\u0161ai nenaudojami priekabiauti ar grasinti (teisine \u0161i\u0173 s\u0105vok\u0173 prasme) kitiems asmenims ir skatinti smurt\u0105 prie\u0161 konkret\u0173 asmen\u012f ar \u017emoni\u0173 grup\u0119.<\/li>\n\n\n\n<li>J\u016bs\u0173 \u012ena\u0161ai nepa\u017eeid\u017eia joki\u0173 galiojan\u010di\u0173 \u012fstatym\u0173, taisykli\u0173 ar reglament\u0173.<\/li>\n\n\n\n<li>J\u016bs\u0173 \u012ena\u0161ai nepa\u017eeid\u017eia jokios tre\u010diosios \u0161alies privatumo ar vie\u0161umo teisi\u0173.<\/li>\n\n\n\n<li>J\u016bs\u0173 \u012fra\u0161uose n\u0117ra jokios med\u017eiagos, kurioje b\u016bt\u0173 pra\u0161oma jaunesni\u0173 nei 18 met\u0173 asmen\u0173 pateikti asmenin\u0119 informacij\u0105 arba seksualiai ar smurtu i\u0161naudojami jaunesni nei 18 met\u0173 asmenys.<\/li>\n\n\n\n<li>J\u016bs\u0173 \u012ena\u0161ai nepa\u017eeid\u017eia joki\u0173 galiojan\u010di\u0173 \u012fstatym\u0173, susijusi\u0173 su vaik\u0173 pornografija ar kitaip skirt\u0173 nepilname\u010di\u0173 sveikatai ar gerovei apsaugoti;<\/li>\n\n\n\n<li>J\u016bs\u0173 \u012era\u0161uose negali b\u016bti \u012f\u017eeid\u017eian\u010di\u0173 komentar\u0173, susijusi\u0173 su rase, nacionaline kilme, lytimi, lytine orientacija ar fizine negalia.<\/li>\n\n\n\n<li>J\u016bs\u0173 \u012ena\u0161ai nepa\u017eeid\u017eia joki\u0173 kit\u0173 \u0161i\u0173 S\u0105lyg\u0173 nuostat\u0173 arba taikom\u0173 \u012fstatym\u0173 ar kit\u0173 teis\u0117s akt\u0173, taip pat nepateikia nuorod\u0173 \u012f med\u017eiag\u0105, kuri pa\u017eeid\u017eia \u0161ias S\u0105lygas ir nuostatas.<\/li>\n<\/ul>\n\n<p>Bet koks naudojimasis Svetaine ar &#8222;Marketplace&#8221; pasi\u016blymais pa\u017eeid\u017eiant pirmiau min\u0117tus reikalavimus pa\u017eeid\u017eia \u0161ias S\u0105lygas ir gali lemti, be kita ko, j\u016bs\u0173 teisi\u0173 naudotis Svetaine nutraukim\u0105 ar sustabdym\u0105.<\/p>\n\n<h2 class=\"wp-block-heading\">\u012estatymin\u0117s teis\u0117s<\/h2>\n\n<p>\u0160ios s\u0105lygos neturi \u012ftakos j\u016bs\u0173 \u012fstatymin\u0117ms teis\u0117ms.<\/p>\n\n<h2 class=\"wp-block-heading\">Atsakomyb\u0117s apribojimas<\/h2>\n\n<p>SVETAIN\u0116 TEIKIAMA TOKIA, KOKIA YRA IR KOKIA YRA PRIEINAMA. SUTINKATE, KAD SVETAIN\u0116S PASLAUGOMIS NAUDOSIT\u0116S SAVO RIZIKA. KIEK LEID\u017dIA \u012eSTATYMAS, MES ATSISAKOME VIS\u0172 GARANTIJ\u0172, AI\u0160KI\u0172 AR NUMANOM\u0172, SUSIJUSI\u0172 SU SVETAINE IR JOS NAUDOJIMU, \u012eSKAITANT, BET NEAPSIRIBOJANT, NUMANOMAS GARANTIJAS D\u0116L TINKAMUMO PARDUOTI, TINKAMUMO TAM TIKRAM TIKSLUI IR NEPA\u017dEIDIMO. NESUTEIKIAME JOKI\u0172 GARANTIJ\u0172 AR PAREI\u0160KIM\u0172 D\u0116L SVETAIN\u0116S TURINIO TIKSLUMO AR I\u0160SAMUMO ARBA BET KOKI\u0172 SU \u0160IA SVETAINE SUSIET\u0172 SVETAINI\u0172 TURINIO IR NEPRISIIMAME JOKIOS ATSAKOMYB\u0116S U\u017d (1) TURINIO IR MED\u017dIAGOS KLAIDAS, NETIKSLUMUS AR NETIKSLUMUS, (2) BET KOKIO POB\u016aD\u017dIO ASMENS SU\u017dALOJIM\u0104 AR \u017dAL\u0104 TURTUI, ATSIRADUSI\u0104 D\u0116L J\u016aS\u0172 PRIEIGOS PRIE SVETAIN\u0116S IR NAUDOJIMOSI JA, (3) BET KOKI\u0104 NETEIS\u0116T\u0104 PRIEIG\u0104 PRIE M\u016aS\u0172 SAUGI\u0172 SERVERI\u0172 IR (ARBA) JUOSE SAUGOMOS ASMENIN\u0116S INFORMACIJOS IR (ARBA) FINANSIN\u0116S INFORMACIJOS AR J\u0172 NAUDOJIM\u0104, (4) BET KOKIO PERDAVIMO \u012e SVETAIN\u0118 AR I\u0160 JOS NUTRAUKIMO AR SUSTABDYMO, (5) BET KOKI\u0172 KLAID\u0172, VIRUS\u0172, TROJOS ARKLI\u0172 AR PANA\u0160I\u0172 DALYK\u0172, KURIUOS \u012e SVETAIN\u0118 AR PER J\u0104 GALI PERDUOTI BET KURI TRE\u010cIOJI \u0160ALIS, IR (ARBA) (6) BET KOKI\u0172 KLAID\u0172 AR PRALEIDIM\u0172 BET KOKIAME TURINYJE IR MED\u017dIAGOJE ARBA BET KOKIO POB\u016aD\u017dIO NUOSTOLI\u0172 AR \u017dALOS, PATIRTOS D\u0116L BET KOKIO TURINIO, PASKELBTO, PERDUOTO AR KITAIP PATEIKTO PER SVETAIN\u0118, NAUDOJIMO. MES NEGARANTUOJAME, NEPATVIRTINAME, NEGARANTUOJAME IR NEPRISIIMAME ATSAKOMYB\u0116S U\u017d JOK\u012e PRODUKT\u0104 AR PASLAUG\u0104, REKLAMUOJAM\u0104 AR SI\u016aLOM\u0104 TRE\u010cIOSIOS \u0160ALIES PER SVETAIN\u0118, BET KOKI\u0104 HIPERSAIT\u0172 SVETAIN\u0118 ARBA BET KOKI\u0104 SVETAIN\u0118 AR MOBILI\u0104J\u0104 PROGRAM\u0116L\u0118, RODOM\u0104 REKLAMINIAME SKYDELYJE AR KITOJE REKLAMOJE, IR MES NEB\u016aSIME \u0160ALIS IR JOKIU B\u016aDU NEB\u016aSIME ATSAKINGI U\u017d BET KOKIO SANDORIO TARP J\u016aS\u0172 IR TRE\u010cIOSIOS \u0160ALIES PRODUKT\u0172 AR PASLAUG\u0172 TEIK\u0116J\u0172 STEB\u0116JIM\u0104. KAIP IR PIRKDAMI PRODUKT\u0104 AR PASLAUG\u0104 BET KOKIOJE TERP\u0116JE AR BET KOKIOJE APLINKOJE, TUR\u0116TUM\u0116TE VADOVAUTIS SAVO GERIAUSIU SPRENDIMU IR PRIREIKUS ELGTIS ATSARGIAI.<\/p>\n\n<h2 class=\"wp-block-heading\">Atsakomyb\u0117s apribojimai<\/h2>\n\n<p>JOKIU ATVEJU MES, M\u016aS\u0172 DIREKTORIAI, DARBUOTOJAI AR ATSTOVAI NEBUS ATSAKINGI JUMS AR BET KURIAI TRE\u010cIAJAI \u0160ALIAI U\u017d BET KOKI\u0104 TIESIOGIN\u0118, NETIESIOGIN\u0118, PASEKMIN\u0118, PAVYZDIN\u0118, ATSITIKTIN\u0118, SPECIALI\u0104 AR BAUDIN\u0118 \u017dAL\u0104, \u012eSKAITANT NEGAUT\u0104 PELN\u0104, NEGAUTAS PAJAMAS, PRARASTUS DUOMENIS AR KIT\u0104 \u017dAL\u0104, ATSIRADUSI\u0104 D\u0116L J\u016aS\u0172 NAUDOJIMOSI SVETAINE, NET JEI MUMS BUVO PRANE\u0160TA APIE TOKIOS \u017dALOS GALIMYB\u0118. NEPAISANT TO, KAD \u010cIA NURODYTA PRIE\u0160INGAI, M\u016aS\u0172 ATSAKOMYB\u0116 JUMS D\u0116L BET KOKIOS PRIE\u017dASTIES IR NEPRIKLAUSOMAI NUO IE\u0160KINIO FORMOS VISADA BUS APRIBOTA SUMA, KURI\u0104 J\u016aS SUMOK\u0116JOTE MUMS PER VIEN\u0104 (1) M\u0116NES\u012e IKI IE\u0160KINIO ATSIRADIMO. TAM TIKR\u0172 JAV VALSTIJ\u0172 \u012eSTATYMAI IR TARPTAUTINIAI \u012eSTATYMAI NELEID\u017dIA APRIBOTI NUMANOM\u0172 GARANTIJ\u0172 ARBA NETAIKYTI AR APRIBOTI TAM TIKR\u0172 NUOSTOLI\u0172. JEI JUMS TAIKOMI \u0160IE \u012eSTATYMAI, KAI KURIE ARBA VISI PIRMIAU NURODYTI ATSISAKYMAI AR APRIBOJIMAI GALI B\u016aTI JUMS NETAIKOMI IR J\u016aS GALITE TUR\u0116TI PAPILDOM\u0172 TEISI\u0172.<\/p>\n\n<h2 class=\"wp-block-heading\">Susisiekite su mumis<\/h2>\n\n<p>D\u0117l bet koki\u0173 su m\u016bs\u0173 paslaugomis susijusi\u0173 klausim\u0173, abejoni\u0173 ar skund\u0173 kreipkit\u0117s \u012f m\u016bs\u0173 klient\u0173 aptarnavimo komand\u0105 m\u016bs\u0173 puslapyje <a href=\"https:\/\/flowervendingmachine.co.uk\/lt\/?page_id=782\">Susisiekite su mumis<\/a>.<\/p>\n","protected":false},"excerpt":{"rendered":"<p>Kas mes esame &#8222;Heart Felt Bloom LTD&#8221; yra Anglijoje ir Velse registruota bendrov\u0117, kurios registracijos numeris yra 15268325, o registruotasis adresas &#8211; Meadway House 38A, Station Road West, Oxted, RH8 9EU. &#8222;Heart Felt Bloom LTD&#8221; valdo svetain\u0119 flowervendingmachine.co.uk (\u012fskaitant visus subdomenus). &#8222;Heart Felt Bloom LTD&#8221; vykdo veikl\u0105 kaip &#8222;Heartfelt Bloom&#8221; (\u0161ioje politikoje: &#8222;Heartfelt Bloom&#8221;, &#8222;mes&#8221;, [&hellip;]<\/p>\n","protected":false},"author":1,"featured_media":0,"parent":0,"menu_order":0,"comment_status":"closed","ping_status":"closed","template":"","meta":{"footnotes":""},"class_list":["post-796","page","type-page","status-publish","hentry"],"aioseo_notices":[],"_links":{"self":[{"href":"https:\/\/flowervendingmachine.co.uk\/lt\/wp-json\/wp\/v2\/pages\/796","targetHints":{"allow":["GET"]}}],"collection":[{"href":"https:\/\/flowervendingmachine.co.uk\/lt\/wp-json\/wp\/v2\/pages"}],"about":[{"href":"https:\/\/flowervendingmachine.co.uk\/lt\/wp-json\/wp\/v2\/types\/page"}],"author":[{"embeddable":true,"href":"https:\/\/flowervendingmachine.co.uk\/lt\/wp-json\/wp\/v2\/users\/1"}],"replies":[{"embeddable":true,"href":"https:\/\/flowervendingmachine.co.uk\/lt\/wp-json\/wp\/v2\/comments?post=796"}],"version-history":[{"count":2,"href":"https:\/\/flowervendingmachine.co.uk\/lt\/wp-json\/wp\/v2\/pages\/796\/revisions"}],"predecessor-version":[{"id":798,"href":"https:\/\/flowervendingmachine.co.uk\/lt\/wp-json\/wp\/v2\/pages\/796\/revisions\/798"}],"wp:attachment":[{"href":"https:\/\/flowervendingmachine.co.uk\/lt\/wp-json\/wp\/v2\/media?parent=796"}],"curies":[{"name":"wp","href":"https:\/\/api.w.org\/{rel}","templated":true}]}}