{"id":787,"date":"2024-02-08T08:27:37","date_gmt":"2024-02-08T08:27:37","guid":{"rendered":"https:\/\/flowervendingmachine.co.uk\/slapuku-politika\/"},"modified":"2024-07-02T21:16:11","modified_gmt":"2024-07-02T20:16:11","slug":"slapuku-politika","status":"publish","type":"page","link":"https:\/\/flowervendingmachine.co.uk\/lt\/slapuku-politika\/","title":{"rendered":"Slapuk\u0173 politika"},"content":{"rendered":"\n<h2 class=\"wp-block-heading\">Kas yra slapukai?<\/h2>\n\n<p>\u0160ioje slapuk\u0173 politikoje paai\u0161kinama, kas yra slapukai ir kaip juos naudojame, kokius slapuk\u0173 tipus naudojame, t. y. koki\u0105 informacij\u0105 renkame naudodami slapukus ir kaip ji naudojama, taip pat kaip tvarkyti slapuk\u0173 nustatymus.<\/p>\n\n<p>Slapukai &#8211; tai ma\u017ei tekstiniai failai, kuriuose saugoma nedidel\u0117 informacija. Jie i\u0161saugomi j\u016bs\u0173 \u012frenginyje, kai svetain\u0117 \u012fkeliama \u012f nar\u0161ykl\u0119. \u0160ie slapukai padeda mums u\u017etikrinti, kad svetain\u0117 tinkamai veikt\u0173, b\u016bt\u0173 saugesn\u0117, u\u017etikrint\u0173 geresn\u0119 naudotoj\u0173 patirt\u012f, pad\u0117t\u0173 suprasti, kaip svetain\u0117 veikia, ir analizuoti, kas joje veikia ir kur j\u0105 reikia tobulinti.<\/p>\n\n<h2 class=\"wp-block-heading\">Kaip naudojame slapukus?<\/h2>\n\n<p>Kaip ir dauguma internetini\u0173 paslaug\u0173, m\u016bs\u0173 svetain\u0117 naudoja pirmosios ir tre\u010diosios \u0161alies slapukus keliais tikslais. Pirmosios \u0161alies slapukai da\u017eniausiai reikalingi tam, kad svetain\u0117 tinkamai veikt\u0173, ir jie nerenka joki\u0173 j\u016bs\u0173 asmenini\u0173 duomen\u0173.<\/p>\n\n<p>Tre\u010di\u0173j\u0173 \u0161ali\u0173 slapukai, naudojami m\u016bs\u0173 svetain\u0117je, daugiausia skirti suprasti, kaip veikia svetain\u0117, kaip s\u0105veikaujate su m\u016bs\u0173 svetaine, u\u017etikrinti m\u016bs\u0173 paslaug\u0173 saugum\u0105, pateikti jums aktuali\u0105 reklam\u0105 ir apskritai suteikti jums geresn\u0119 ir tobulesn\u0119 naudotojo patirt\u012f bei pagreitinti j\u016bs\u0173 b\u016bsim\u0105 s\u0105veik\u0105 su m\u016bs\u0173 svetaine.<\/p>\n\n<h2 class=\"wp-block-heading\">M\u016bs\u0173 naudojam\u0173 slapuk\u0173 tipai<\/h2>\n\n<div class=\"cky-audit-table-element\"><\/div>\n\n<h2 class=\"wp-block-heading\">Tvarkyti slapuk\u0173 nuostatas<\/h2>\n\n<p>Slapuk\u0173 nuostatas galite bet kada pakeisti spustel\u0117j\u0119 mygtuk\u0105 Slapuk\u0173, esant\u012f apatiniame kairiajame kampe. Taip gal\u0117site i\u0161 naujo per\u017ei\u016br\u0117ti slapuk\u0173 sutikimo reklamin\u012f skydel\u012f ir pakeisti savo nuostatas arba i\u0161 karto at\u0161aukti savo sutikim\u0105.<\/p>\n\n<p>Be to, skirtingose nar\u0161ykl\u0117se pateikiami skirtingi b\u016bdai, kaip blokuoti ir i\u0161trinti svetaini\u0173 naudojamus slapukus. Galite pakeisti savo nar\u0161ykl\u0117s nustatymus ir blokuoti arba i\u0161trinti slapukus. Toliau pateikiamos nuorodos \u012f pagalbinius dokumentus, kuriuose nurodoma, kaip valdyti ir i\u0161trinti slapukus i\u0161 pagrindini\u0173 \u017einiatinklio nar\u0161ykli\u0173.<\/p>\n\n<ul class=\"wp-block-list\">\n<li>Chrome: <a href=\"https:\/\/support.google.com\/accounts\/answer\/32050\">https:\/\/support.google.com\/accounts\/answer\/32050<\/a><\/li>\n\n\n\n<li>Safari: <a href=\"https:\/\/support.apple.com\/en-in\/guide\/safari\/sfri11471\/mac\">https:\/\/support.apple.com\/en-in\/guide\/safari\/sfri11471\/mac<\/a><\/li>\n\n\n\n<li>Firefox: <a href=\"https:\/\/support.mozilla.org\/en-US\/kb\/clear-cookies-and-site-data-firefox?redirectslug=delete-cookies-remove-info-websites-stored&amp;redirectlocale=en-US\">https:\/\/support.mozilla.org\/en-US\/kb\/clear-cookies-and-site-data-firefox?redirectslug=delete-cookies-remove-info-websites-stored&amp;redirectlocale=en-US<\/a><\/li>\n\n\n\n<li>Internet Explorer: <a href=\"https:\/\/support.microsoft.com\/en-us\/topic\/how-to-delete-cookie-files-in-internet-explorer-bca9446f-d873-78de-77ba-d42645fa52fc\">https:\/\/support.microsoft.com\/en-us\/topic\/how-to-delete-cookie-files-in-internet-explorer-bca9446f-d873-78de-77ba-d42645fa52fc<\/a><\/li>\n<\/ul>\n\n<p>Jei naudojate bet kuri\u0105 kit\u0105 interneto nar\u0161ykl\u0119, apsilankykite oficialiuose nar\u0161ykl\u0117s palaikymo dokumentuose.<\/p>\n","protected":false},"excerpt":{"rendered":"<p>Kas yra slapukai? \u0160ioje slapuk\u0173 politikoje paai\u0161kinama, kas yra slapukai ir kaip juos naudojame, kokius slapuk\u0173 tipus naudojame, t. y. koki\u0105 informacij\u0105 renkame naudodami slapukus ir kaip ji naudojama, taip pat kaip tvarkyti slapuk\u0173 nustatymus. Slapukai &#8211; tai ma\u017ei tekstiniai failai, kuriuose saugoma nedidel\u0117 informacija. Jie i\u0161saugomi j\u016bs\u0173 \u012frenginyje, kai svetain\u0117 \u012fkeliama \u012f nar\u0161ykl\u0119. \u0160ie [&hellip;]<\/p>\n","protected":false},"author":1,"featured_media":0,"parent":0,"menu_order":0,"comment_status":"closed","ping_status":"closed","template":"","meta":{"footnotes":""},"class_list":["post-787","page","type-page","status-publish","hentry"],"aioseo_notices":[],"_links":{"self":[{"href":"https:\/\/flowervendingmachine.co.uk\/lt\/wp-json\/wp\/v2\/pages\/787","targetHints":{"allow":["GET"]}}],"collection":[{"href":"https:\/\/flowervendingmachine.co.uk\/lt\/wp-json\/wp\/v2\/pages"}],"about":[{"href":"https:\/\/flowervendingmachine.co.uk\/lt\/wp-json\/wp\/v2\/types\/page"}],"author":[{"embeddable":true,"href":"https:\/\/flowervendingmachine.co.uk\/lt\/wp-json\/wp\/v2\/users\/1"}],"replies":[{"embeddable":true,"href":"https:\/\/flowervendingmachine.co.uk\/lt\/wp-json\/wp\/v2\/comments?post=787"}],"version-history":[{"count":2,"href":"https:\/\/flowervendingmachine.co.uk\/lt\/wp-json\/wp\/v2\/pages\/787\/revisions"}],"predecessor-version":[{"id":789,"href":"https:\/\/flowervendingmachine.co.uk\/lt\/wp-json\/wp\/v2\/pages\/787\/revisions\/789"}],"wp:attachment":[{"href":"https:\/\/flowervendingmachine.co.uk\/lt\/wp-json\/wp\/v2\/media?parent=787"}],"curies":[{"name":"wp","href":"https:\/\/api.w.org\/{rel}","templated":true}]}}