{"id":779,"date":"2024-02-05T08:45:22","date_gmt":"2024-02-05T08:45:22","guid":{"rendered":"https:\/\/flowervendingmachine.co.uk\/apie-mus\/"},"modified":"2024-07-03T09:44:24","modified_gmt":"2024-07-03T08:44:24","slug":"apie-mus","status":"publish","type":"page","link":"https:\/\/flowervendingmachine.co.uk\/lt\/apie-mus\/","title":{"rendered":"Apie mus"},"content":{"rendered":"\t\t<div data-elementor-type=\"wp-page\" data-elementor-id=\"779\" class=\"elementor elementor-779 elementor-199\" data-elementor-post-type=\"page\">\n\t\t\t\t<div class=\"elementor-element elementor-element-c385c51 e-flex e-con-boxed e-con e-parent\" data-id=\"c385c51\" data-element_type=\"container\" data-settings=\"{&quot;background_background&quot;:&quot;classic&quot;}\">\n\t\t\t\t\t<div class=\"e-con-inner\">\n\t\t<div class=\"elementor-element elementor-element-2baf16e e-con-full e-flex e-con e-child\" data-id=\"2baf16e\" data-element_type=\"container\">\n\t\t\t\t<div class=\"elementor-element elementor-element-d736f97 elementor-widget elementor-widget-heading\" data-id=\"d736f97\" data-element_type=\"widget\" data-widget_type=\"heading.default\">\n\t\t\t\t<div class=\"elementor-widget-container\">\n\t\t\t\t\t<h3 class=\"elementor-heading-title elementor-size-default\">Inovatyvus<\/h3>\t\t\t\t<\/div>\n\t\t\t\t<\/div>\n\t\t\t\t<div class=\"elementor-element elementor-element-f9e1380 elementor-widget elementor-widget-heading\" data-id=\"f9e1380\" data-element_type=\"widget\" data-settings=\"{&quot;motion_fx_motion_fx_scrolling&quot;:&quot;yes&quot;,&quot;motion_fx_translateY_effect&quot;:&quot;yes&quot;,&quot;motion_fx_translateY_speed&quot;:{&quot;unit&quot;:&quot;px&quot;,&quot;size&quot;:&quot;0.5&quot;,&quot;sizes&quot;:[]},&quot;motion_fx_translateY_affectedRange&quot;:{&quot;unit&quot;:&quot;%&quot;,&quot;size&quot;:&quot;&quot;,&quot;sizes&quot;:{&quot;start&quot;:&quot;0&quot;,&quot;end&quot;:&quot;50&quot;}},&quot;motion_fx_opacity_effect&quot;:&quot;yes&quot;,&quot;motion_fx_opacity_range&quot;:{&quot;unit&quot;:&quot;%&quot;,&quot;size&quot;:&quot;&quot;,&quot;sizes&quot;:{&quot;start&quot;:&quot;0&quot;,&quot;end&quot;:&quot;50&quot;}},&quot;motion_fx_opacity_direction&quot;:&quot;out-in&quot;,&quot;motion_fx_opacity_level&quot;:{&quot;unit&quot;:&quot;px&quot;,&quot;size&quot;:10,&quot;sizes&quot;:[]},&quot;motion_fx_devices&quot;:[&quot;desktop&quot;,&quot;tablet&quot;,&quot;mobile&quot;]}\" data-widget_type=\"heading.default\">\n\t\t\t\t<div class=\"elementor-widget-container\">\n\t\t\t\t\t<h2 class=\"elementor-heading-title elementor-size-default\">Nuo\u0161irdus \u017eyd\u0117jimas<\/h2>\t\t\t\t<\/div>\n\t\t\t\t<\/div>\n\t\t\t\t<div class=\"elementor-element elementor-element-d54c9ff elementor-widget__width-inherit elementor-widget elementor-widget-text-editor\" data-id=\"d54c9ff\" data-element_type=\"widget\" data-widget_type=\"text-editor.default\">\n\t\t\t\t<div class=\"elementor-widget-container\">\n\t\t\t\t\t\t\t\t\t<p style=\"text-align: center;\">M\u016bs\u0173 kelion\u0117 prasid\u0117jo daugiau nei prie\u0161 ketverius metus gyvybingoje Ryt\u0173 Londono \u0161irdyje, \u012fsik\u016brusiame g\u0117li\u0173 salone. Dabar mes tapome vienu i\u0161 pirmaujan\u010di\u0173 g\u0117li\u0173 pardavimo automat\u0173 platintoj\u0173 Jungtin\u0117je Karalyst\u0117je. Visa tai neb\u016bt\u0173 \u012fvyk\u0119 be m\u016bs\u0173 atsidavimo apr\u016bpinti bendruomen\u0119 gra\u017eiais d\u017eiaugsmo ry\u0161ul\u0117liais.<\/p>\n<p style=\"text-align: center;\">Dabar savo k\u016brinius parduodame 24 valandas per par\u0105, 7 dienas per savait\u0119. M\u016bs\u0173 istorij\u0105 galite atkartoti ir j\u016bs!<\/p>\n\t\t\t\t\t\t\t\t<\/div>\n\t\t\t\t<\/div>\n\t\t\t\t<\/div>\n\t\t\t\t\t<\/div>\n\t\t\t\t<\/div>\n\t\t<div class=\"elementor-element elementor-element-30dcb83d e-flex e-con-boxed e-con e-parent\" data-id=\"30dcb83d\" data-element_type=\"container\" data-settings=\"{&quot;background_background&quot;:&quot;classic&quot;}\">\n\t\t\t\t\t<div class=\"e-con-inner\">\n\t\t<div class=\"elementor-element elementor-element-449eaadf e-con-full e-flex e-con e-child\" data-id=\"449eaadf\" data-element_type=\"container\">\n\t\t\t\t<div class=\"elementor-element elementor-element-67bd4b8d elementor-widget elementor-widget-heading\" data-id=\"67bd4b8d\" data-element_type=\"widget\" data-widget_type=\"heading.default\">\n\t\t\t\t<div class=\"elementor-widget-container\">\n\t\t\t\t\t<h2 class=\"elementor-heading-title elementor-size-default\">M\u016bs\u0173 misija<\/h2>\t\t\t\t<\/div>\n\t\t\t\t<\/div>\n\t\t\t\t<div class=\"elementor-element elementor-element-5b1f81e6 elementor-widget elementor-widget-text-editor\" data-id=\"5b1f81e6\" data-element_type=\"widget\" data-widget_type=\"text-editor.default\">\n\t\t\t\t<div class=\"elementor-widget-container\">\n\t\t\t\t\t\t\t\t\t<p>Skland\u017eiai sujungti kerint\u012f tradicin\u0117s floristikos \u017eaves\u012f su \u0161iuolaikini\u0173 technologij\u0173 veiksmingumu ir prieinamumu. Siekiame, kad g\u0117li\u0173 d\u017eiaugsmas ir gro\u017eis b\u016bt\u0173 pasiekiamas kiekvienam, bet kada ir bet kur.<\/p>\n\t\t\t\t\t\t\t\t<\/div>\n\t\t\t\t<\/div>\n\t\t\t\t<\/div>\n\t\t<div class=\"elementor-element elementor-element-376aa7f8 e-con-full e-flex e-con e-child\" data-id=\"376aa7f8\" data-element_type=\"container\">\n\t\t\t\t<div class=\"elementor-element elementor-element-fa269c6 elementor-widget elementor-widget-heading\" data-id=\"fa269c6\" data-element_type=\"widget\" data-widget_type=\"heading.default\">\n\t\t\t\t<div class=\"elementor-widget-container\">\n\t\t\t\t\t<h2 class=\"elementor-heading-title elementor-size-default\">M\u016bs\u0173 vizija<\/h2>\t\t\t\t<\/div>\n\t\t\t\t<\/div>\n\t\t\t\t<div class=\"elementor-element elementor-element-3d7e6f1 elementor-widget elementor-widget-text-editor\" data-id=\"3d7e6f1\" data-element_type=\"widget\" data-widget_type=\"text-editor.default\">\n\t\t\t\t<div class=\"elementor-widget-container\">\n\t\t\t\t\t\t\t\t\t<p>Vadovauti g\u0117li\u0173 pramon\u0117s evoliucijai, kad paprastas g\u0117li\u0173 dovanojimo veiksmas b\u016bt\u0173 paprastas, prieinamas ir prasmingas. &#8222;Heartfelt Bloom&#8221; matome ateit\u012f, kai d\u0117l laiko ar atstumo apribojim\u0173 niekada nebus praleista jokia meil\u0117s, d\u0117kingumo ar u\u017euojautos i\u0161rai\u0161ka.<\/p>\n\t\t\t\t\t\t\t\t<\/div>\n\t\t\t\t<\/div>\n\t\t\t\t<\/div>\n\t\t<div class=\"elementor-element elementor-element-77241254 e-con-full e-flex e-con e-child\" data-id=\"77241254\" data-element_type=\"container\">\n\t\t\t\t<div class=\"elementor-element elementor-element-4244dd6 elementor-widget elementor-widget-image\" data-id=\"4244dd6\" data-element_type=\"widget\" data-settings=\"{&quot;motion_fx_motion_fx_scrolling&quot;:&quot;yes&quot;,&quot;motion_fx_translateY_effect&quot;:&quot;yes&quot;,&quot;motion_fx_translateY_speed&quot;:{&quot;unit&quot;:&quot;px&quot;,&quot;size&quot;:&quot;1&quot;,&quot;sizes&quot;:[]},&quot;motion_fx_translateY_affectedRange&quot;:{&quot;unit&quot;:&quot;%&quot;,&quot;size&quot;:&quot;&quot;,&quot;sizes&quot;:{&quot;start&quot;:0,&quot;end&quot;:100}},&quot;motion_fx_devices&quot;:[&quot;desktop&quot;,&quot;tablet&quot;,&quot;mobile&quot;]}\" data-widget_type=\"image.default\">\n\t\t\t\t<div class=\"elementor-widget-container\">\n\t\t\t\t\t\t\t\t\t\t\t\t\t\t\t<img fetchpriority=\"high\" decoding=\"async\" width=\"676\" height=\"676\" src=\"https:\/\/flowervendingmachine.co.uk\/wp-content\/uploads\/2024\/02\/About-Hearfelt-Bloom.jpg\" class=\"attachment-full size-full wp-image-774\" alt=\"\" srcset=\"https:\/\/flowervendingmachine.co.uk\/wp-content\/uploads\/2024\/02\/About-Hearfelt-Bloom.jpg 676w, https:\/\/flowervendingmachine.co.uk\/wp-content\/uploads\/2024\/02\/About-Hearfelt-Bloom-300x300.jpg 300w, https:\/\/flowervendingmachine.co.uk\/wp-content\/uploads\/2024\/02\/About-Hearfelt-Bloom-150x150.jpg 150w\" sizes=\"(max-width: 676px) 100vw, 676px\" \/>\t\t\t\t\t\t\t\t\t\t\t\t\t\t\t<\/div>\n\t\t\t\t<\/div>\n\t\t\t\t<\/div>\n\t\t\t\t\t<\/div>\n\t\t\t\t<\/div>\n\t\t<div class=\"elementor-element elementor-element-79aa5099 e-flex e-con-boxed e-con e-parent\" data-id=\"79aa5099\" data-element_type=\"container\" data-settings=\"{&quot;background_background&quot;:&quot;classic&quot;}\">\n\t\t\t\t\t<div class=\"e-con-inner\">\n\t\t<div class=\"elementor-element elementor-element-592f35fa e-con-full e-flex e-con e-child\" data-id=\"592f35fa\" data-element_type=\"container\" data-settings=\"{&quot;background_background&quot;:&quot;classic&quot;,&quot;motion_fx_motion_fx_scrolling&quot;:&quot;yes&quot;,&quot;motion_fx_translateY_effect&quot;:&quot;yes&quot;,&quot;motion_fx_translateY_speed&quot;:{&quot;unit&quot;:&quot;px&quot;,&quot;size&quot;:&quot;1.5&quot;,&quot;sizes&quot;:[]},&quot;motion_fx_translateY_affectedRange&quot;:{&quot;unit&quot;:&quot;%&quot;,&quot;size&quot;:&quot;&quot;,&quot;sizes&quot;:{&quot;start&quot;:0,&quot;end&quot;:100}},&quot;motion_fx_devices&quot;:[&quot;desktop&quot;,&quot;tablet&quot;,&quot;mobile&quot;]}\">\n\t\t<div class=\"elementor-element elementor-element-77734d77 e-con-full e-flex e-con e-child\" data-id=\"77734d77\" data-element_type=\"container\" data-settings=\"{&quot;background_background&quot;:&quot;classic&quot;}\">\n\t\t\t\t<div class=\"elementor-element elementor-element-43a23953 elementor-widget elementor-widget-heading\" data-id=\"43a23953\" data-element_type=\"widget\" data-widget_type=\"heading.default\">\n\t\t\t\t<div class=\"elementor-widget-container\">\n\t\t\t\t\t<h4 class=\"elementor-heading-title elementor-size-default\">Inovacijos<\/h4>\t\t\t\t<\/div>\n\t\t\t\t<\/div>\n\t\t\t\t<div class=\"elementor-element elementor-element-10bff184 elementor-widget elementor-widget-text-editor\" data-id=\"10bff184\" data-element_type=\"widget\" data-widget_type=\"text-editor.default\">\n\t\t\t\t<div class=\"elementor-widget-container\">\n\t\t\t\t\t\t\t\t\t<p>Padedame rasti nauj\u0173 b\u016bd\u0173, kaip dalytis g\u0117l\u0117mis ir jomis d\u017eiaugtis.<\/p>\n\t\t\t\t\t\t\t\t<\/div>\n\t\t\t\t<\/div>\n\t\t\t\t<\/div>\n\t\t<div class=\"elementor-element elementor-element-570d3d0e e-con-full e-flex e-con e-child\" data-id=\"570d3d0e\" data-element_type=\"container\" data-settings=\"{&quot;background_background&quot;:&quot;classic&quot;}\">\n\t\t\t\t<div class=\"elementor-element elementor-element-3b7091ef elementor-widget elementor-widget-heading\" data-id=\"3b7091ef\" data-element_type=\"widget\" data-widget_type=\"heading.default\">\n\t\t\t\t<div class=\"elementor-widget-container\">\n\t\t\t\t\t<h4 class=\"elementor-heading-title elementor-size-default\">Prieinamumas<\/h4>\t\t\t\t<\/div>\n\t\t\t\t<\/div>\n\t\t\t\t<div class=\"elementor-element elementor-element-4070bae2 elementor-widget elementor-widget-text-editor\" data-id=\"4070bae2\" data-element_type=\"widget\" data-widget_type=\"text-editor.default\">\n\t\t\t\t<div class=\"elementor-widget-container\">\n\t\t\t\t\t\t\t\t\t<p>Bendradarbiaujame su jumis, kad j\u016bs\u0173 gra\u017eios puok\u0161t\u0117s b\u016bt\u0173 pasiekiamos vis\u0105 par\u0105 ir 7 dienas per savait\u0119 visoje Lietuvoje.<\/p>\n\t\t\t\t\t\t\t\t<\/div>\n\t\t\t\t<\/div>\n\t\t\t\t<\/div>\n\t\t<div class=\"elementor-element elementor-element-3aa012bf e-con-full e-flex e-con e-child\" data-id=\"3aa012bf\" data-element_type=\"container\" data-settings=\"{&quot;background_background&quot;:&quot;classic&quot;}\">\n\t\t\t\t<div class=\"elementor-element elementor-element-260bfcd3 elementor-widget elementor-widget-heading\" data-id=\"260bfcd3\" data-element_type=\"widget\" data-widget_type=\"heading.default\">\n\t\t\t\t<div class=\"elementor-widget-container\">\n\t\t\t\t\t<h4 class=\"elementor-heading-title elementor-size-default\">Kokyb\u0117<\/h4>\t\t\t\t<\/div>\n\t\t\t\t<\/div>\n\t\t\t\t<div class=\"elementor-element elementor-element-4e79962d elementor-widget elementor-widget-text-editor\" data-id=\"4e79962d\" data-element_type=\"widget\" data-widget_type=\"text-editor.default\">\n\t\t\t\t<div class=\"elementor-widget-container\">\n\t\t\t\t\t\t\t\t\t<p>Padedame u\u017etikrinti, kad bet kuriuo paros metu parduota m\u016bs\u0173 klient\u0173 g\u0117l\u0117 atitikt\u0173 auk\u0161\u010diausius \u0161vie\u017eumo ir gro\u017eio standartus.<\/p>\n\t\t\t\t\t\t\t\t<\/div>\n\t\t\t\t<\/div>\n\t\t\t\t<\/div>\n\t\t<div class=\"elementor-element elementor-element-660453ea e-con-full e-flex e-con e-child\" data-id=\"660453ea\" data-element_type=\"container\" data-settings=\"{&quot;background_background&quot;:&quot;classic&quot;}\">\n\t\t\t\t<div class=\"elementor-element elementor-element-4b39a139 elementor-widget elementor-widget-heading\" data-id=\"4b39a139\" data-element_type=\"widget\" data-widget_type=\"heading.default\">\n\t\t\t\t<div class=\"elementor-widget-container\">\n\t\t\t\t\t<h4 class=\"elementor-heading-title elementor-size-default\">Bendruomen\u0117<\/h4>\t\t\t\t<\/div>\n\t\t\t\t<\/div>\n\t\t\t\t<div class=\"elementor-element elementor-element-18080ab elementor-widget elementor-widget-text-editor\" data-id=\"18080ab\" data-element_type=\"widget\" data-widget_type=\"text-editor.default\">\n\t\t\t\t<div class=\"elementor-widget-container\">\n\t\t\t\t\t\t\t\t\t<p>Padedame u\u017emegzti ry\u0161ius ir skleisti d\u017eiaugsm\u0105 universalia g\u0117li\u0173 kalba net ma\u017eiausiose bendruomen\u0117se.<\/p>\n\t\t\t\t\t\t\t\t<\/div>\n\t\t\t\t<\/div>\n\t\t\t\t<\/div>\n\t\t\t\t<\/div>\n\t\t<div class=\"elementor-element elementor-element-74650396 e-con-full e-flex e-con e-child\" data-id=\"74650396\" data-element_type=\"container\">\n\t\t\t\t<div class=\"elementor-element elementor-element-2f61661 elementor-widget elementor-widget-heading\" data-id=\"2f61661\" data-element_type=\"widget\" data-settings=\"{&quot;motion_fx_motion_fx_scrolling&quot;:&quot;yes&quot;,&quot;motion_fx_translateY_effect&quot;:&quot;yes&quot;,&quot;motion_fx_translateY_speed&quot;:{&quot;unit&quot;:&quot;px&quot;,&quot;size&quot;:&quot;0.5&quot;,&quot;sizes&quot;:[]},&quot;motion_fx_translateY_affectedRange&quot;:{&quot;unit&quot;:&quot;%&quot;,&quot;size&quot;:&quot;&quot;,&quot;sizes&quot;:{&quot;start&quot;:&quot;0&quot;,&quot;end&quot;:&quot;50&quot;}},&quot;motion_fx_opacity_effect&quot;:&quot;yes&quot;,&quot;motion_fx_opacity_range&quot;:{&quot;unit&quot;:&quot;%&quot;,&quot;size&quot;:&quot;&quot;,&quot;sizes&quot;:{&quot;start&quot;:&quot;0&quot;,&quot;end&quot;:&quot;50&quot;}},&quot;motion_fx_opacity_direction&quot;:&quot;out-in&quot;,&quot;motion_fx_opacity_level&quot;:{&quot;unit&quot;:&quot;px&quot;,&quot;size&quot;:10,&quot;sizes&quot;:[]},&quot;motion_fx_devices&quot;:[&quot;desktop&quot;,&quot;tablet&quot;,&quot;mobile&quot;]}\" data-widget_type=\"heading.default\">\n\t\t\t\t<div class=\"elementor-widget-container\">\n\t\t\t\t\t<h2 class=\"elementor-heading-title elementor-size-default\">Prisijunkite prie m\u016bs\u0173 \u017eydin\u010dios kelion\u0117s<\/h2>\t\t\t\t<\/div>\n\t\t\t\t<\/div>\n\t\t\t\t<div class=\"elementor-element elementor-element-3690401a elementor-widget elementor-widget-text-editor\" data-id=\"3690401a\" data-element_type=\"widget\" data-widget_type=\"text-editor.default\">\n\t\t\t\t<div class=\"elementor-widget-container\">\n\t\t\t\t\t\t\t\t\t<p>&#8222;Heartfelt Bloom&#8221; kvie\u010dia susipa\u017einti su floristikos ateitimi. Toliau augdami, diegdami naujoves ir skleisdami laim\u0119 po vien\u0105 puok\u0161t\u0119, kvie\u010diame jus i\u0161bandyti patogum\u0105 ir malonum\u0105, kur\u012f m\u016bs\u0173 g\u0117li\u0173 pardavimo automatai suteikia g\u0117li\u0173 pasauliui.<\/p>\n\t\t\t\t\t\t\t\t<\/div>\n\t\t\t\t<\/div>\n\t\t\t\t<div class=\"elementor-element elementor-element-663eaf85 elementor-tablet-align-center elementor-widget elementor-widget-button\" data-id=\"663eaf85\" data-element_type=\"widget\" data-widget_type=\"button.default\">\n\t\t\t\t<div class=\"elementor-widget-container\">\n\t\t\t\t\t\t\t\t\t<div class=\"elementor-button-wrapper\">\n\t\t\t\t\t<a class=\"elementor-button elementor-button-link elementor-size-md\" href=\"https:\/\/flowervendingmachine.co.uk\/lt\/produktai\/\">\n\t\t\t\t\t\t<span class=\"elementor-button-content-wrapper\">\n\t\t\t\t\t\t<span class=\"elementor-button-icon\">\n\t\t\t\t<svg aria-hidden=\"true\" class=\"e-font-icon-svg e-fas-arrow-right\" viewBox=\"0 0 448 512\" xmlns=\"http:\/\/www.w3.org\/2000\/svg\"><path d=\"M190.5 66.9l22.2-22.2c9.4-9.4 24.6-9.4 33.9 0L441 239c9.4 9.4 9.4 24.6 0 33.9L246.6 467.3c-9.4 9.4-24.6 9.4-33.9 0l-22.2-22.2c-9.5-9.5-9.3-25 .4-34.3L311.4 296H24c-13.3 0-24-10.7-24-24v-32c0-13.3 10.7-24 24-24h287.4L190.9 101.2c-9.8-9.3-10-24.8-.4-34.3z\"><\/path><\/svg>\t\t\t<\/span>\n\t\t\t\t\t\t\t\t\t<span class=\"elementor-button-text\">M\u016bs\u0173 produktai<\/span>\n\t\t\t\t\t<\/span>\n\t\t\t\t\t<\/a>\n\t\t\t\t<\/div>\n\t\t\t\t\t\t\t\t<\/div>\n\t\t\t\t<\/div>\n\t\t\t\t<\/div>\n\t\t\t\t<div class=\"elementor-element elementor-element-416da4e3 elementor-widget__width-inherit elementor-widget elementor-widget-menu-anchor\" data-id=\"416da4e3\" data-element_type=\"widget\" data-widget_type=\"menu-anchor.default\">\n\t\t\t\t<div class=\"elementor-widget-container\">\n\t\t\t\t\t\t\t<div class=\"elementor-menu-anchor\" id=\"komanda\"><\/div>\n\t\t\t\t\t\t<\/div>\n\t\t\t\t<\/div>\n\t\t\t\t\t<\/div>\n\t\t\t\t<\/div>\n\t\t<div class=\"elementor-element elementor-element-341b4d14 e-flex e-con-boxed e-con e-parent\" data-id=\"341b4d14\" data-element_type=\"container\" data-settings=\"{&quot;background_background&quot;:&quot;gradient&quot;,&quot;shape_divider_top&quot;:&quot;waves&quot;}\">\n\t\t\t\t\t<div class=\"e-con-inner\">\n\t\t\t\t<div class=\"elementor-shape elementor-shape-top\" aria-hidden=\"true\" data-negative=\"false\">\n\t\t\t<svg xmlns=\"http:\/\/www.w3.org\/2000\/svg\" viewBox=\"0 0 1000 100\" preserveAspectRatio=\"none\">\n\t<path class=\"elementor-shape-fill\" d=\"M421.9,6.5c22.6-2.5,51.5,0.4,75.5,5.3c23.6,4.9,70.9,23.5,100.5,35.7c75.8,32.2,133.7,44.5,192.6,49.7\n\tc23.6,2.1,48.7,3.5,103.4-2.5c54.7-6,106.2-25.6,106.2-25.6V0H0v30.3c0,0,72,32.6,158.4,30.5c39.2-0.7,92.8-6.7,134-22.4\n\tc21.2-8.1,52.2-18.2,79.7-24.2C399.3,7.9,411.6,7.5,421.9,6.5z\"\/>\n<\/svg>\t\t<\/div>\n\t\t<div class=\"elementor-element elementor-element-3d6417c e-con-full e-flex e-con e-child\" data-id=\"3d6417c\" data-element_type=\"container\">\n\t\t\t\t<div class=\"elementor-element elementor-element-4b57b127 elementor-widget elementor-widget-heading\" data-id=\"4b57b127\" data-element_type=\"widget\" data-widget_type=\"heading.default\">\n\t\t\t\t<div class=\"elementor-widget-container\">\n\t\t\t\t\t<h4 class=\"elementor-heading-title elementor-size-default\">Norite pl\u0117toti g\u0117li\u0173 versl\u0105?<\/h4>\t\t\t\t<\/div>\n\t\t\t\t<\/div>\n\t\t\t\t<div class=\"elementor-element elementor-element-98ecf4e elementor-mobile-align-center elementor-widget elementor-widget-button\" data-id=\"98ecf4e\" data-element_type=\"widget\" data-widget_type=\"button.default\">\n\t\t\t\t<div class=\"elementor-widget-container\">\n\t\t\t\t\t\t\t\t\t<div class=\"elementor-button-wrapper\">\n\t\t\t\t\t<a class=\"elementor-button elementor-button-link elementor-size-md\" href=\"https:\/\/flowervendingmachine.co.uk\/lt\/susisiekite-su-mumis\/\">\n\t\t\t\t\t\t<span class=\"elementor-button-content-wrapper\">\n\t\t\t\t\t\t<span class=\"elementor-button-icon\">\n\t\t\t\t<svg aria-hidden=\"true\" class=\"e-font-icon-svg e-fas-arrow-right\" viewBox=\"0 0 448 512\" xmlns=\"http:\/\/www.w3.org\/2000\/svg\"><path d=\"M190.5 66.9l22.2-22.2c9.4-9.4 24.6-9.4 33.9 0L441 239c9.4 9.4 9.4 24.6 0 33.9L246.6 467.3c-9.4 9.4-24.6 9.4-33.9 0l-22.2-22.2c-9.5-9.5-9.3-25 .4-34.3L311.4 296H24c-13.3 0-24-10.7-24-24v-32c0-13.3 10.7-24 24-24h287.4L190.9 101.2c-9.8-9.3-10-24.8-.4-34.3z\"><\/path><\/svg>\t\t\t<\/span>\n\t\t\t\t\t\t\t\t\t<span class=\"elementor-button-text\">Susisiekite su mumis<\/span>\n\t\t\t\t\t<\/span>\n\t\t\t\t\t<\/a>\n\t\t\t\t<\/div>\n\t\t\t\t\t\t\t\t<\/div>\n\t\t\t\t<\/div>\n\t\t\t\t<\/div>\n\t\t<div class=\"elementor-element elementor-element-6aaf634e e-con-full e-flex e-con e-child\" data-id=\"6aaf634e\" data-element_type=\"container\">\n\t\t\t\t<div class=\"elementor-element elementor-element-57c59228 elementor-widget elementor-widget-image\" data-id=\"57c59228\" data-element_type=\"widget\" data-settings=\"{&quot;motion_fx_motion_fx_scrolling&quot;:&quot;yes&quot;,&quot;motion_fx_translateY_effect&quot;:&quot;yes&quot;,&quot;motion_fx_translateY_direction&quot;:&quot;negative&quot;,&quot;motion_fx_translateY_speed&quot;:{&quot;unit&quot;:&quot;px&quot;,&quot;size&quot;:&quot;1&quot;,&quot;sizes&quot;:[]},&quot;motion_fx_devices&quot;:[&quot;desktop&quot;,&quot;tablet&quot;],&quot;motion_fx_translateY_affectedRange&quot;:{&quot;unit&quot;:&quot;%&quot;,&quot;size&quot;:&quot;&quot;,&quot;sizes&quot;:{&quot;start&quot;:&quot;0&quot;,&quot;end&quot;:&quot;50&quot;}}}\" data-widget_type=\"image.default\">\n\t\t\t\t<div class=\"elementor-widget-container\">\n\t\t\t\t\t\t\t\t\t\t\t\t\t\t\t<img decoding=\"async\" width=\"921\" height=\"1200\" src=\"https:\/\/flowervendingmachine.co.uk\/wp-content\/uploads\/2024\/02\/Flower-Wending-Machine-Green.png\" class=\"attachment-full size-full wp-image-755\" alt=\"\" srcset=\"https:\/\/flowervendingmachine.co.uk\/wp-content\/uploads\/2024\/02\/Flower-Wending-Machine-Green.png 921w, https:\/\/flowervendingmachine.co.uk\/wp-content\/uploads\/2024\/02\/Flower-Wending-Machine-Green-230x300.png 230w, https:\/\/flowervendingmachine.co.uk\/wp-content\/uploads\/2024\/02\/Flower-Wending-Machine-Green-786x1024.png 786w, https:\/\/flowervendingmachine.co.uk\/wp-content\/uploads\/2024\/02\/Flower-Wending-Machine-Green-768x1001.png 768w\" sizes=\"(max-width: 921px) 100vw, 921px\" \/>\t\t\t\t\t\t\t\t\t\t\t\t\t\t\t<\/div>\n\t\t\t\t<\/div>\n\t\t\t\t<\/div>\n\t\t\t\t\t<\/div>\n\t\t\t\t<\/div>\n\t\t\t\t<\/div>\n\t\t","protected":false},"excerpt":{"rendered":"<p>Inovatyvus Nuo\u0161irdus \u017eyd\u0117jimas M\u016bs\u0173 kelion\u0117 prasid\u0117jo daugiau nei prie\u0161 ketverius metus gyvybingoje Ryt\u0173 Londono \u0161irdyje, \u012fsik\u016brusiame g\u0117li\u0173 salone. Dabar mes tapome vienu i\u0161 pirmaujan\u010di\u0173 g\u0117li\u0173 pardavimo automat\u0173 platintoj\u0173 Jungtin\u0117je Karalyst\u0117je. Visa tai neb\u016bt\u0173 \u012fvyk\u0119 be m\u016bs\u0173 atsidavimo apr\u016bpinti bendruomen\u0119 gra\u017eiais d\u017eiaugsmo ry\u0161ul\u0117liais. Dabar savo k\u016brinius parduodame 24 valandas per par\u0105, 7 dienas per savait\u0119. M\u016bs\u0173 [&hellip;]<\/p>\n","protected":false},"author":1,"featured_media":737,"parent":0,"menu_order":0,"comment_status":"closed","ping_status":"closed","template":"elementor_header_footer","meta":{"footnotes":""},"class_list":["post-779","page","type-page","status-publish","has-post-thumbnail","hentry"],"aioseo_notices":[],"_links":{"self":[{"href":"https:\/\/flowervendingmachine.co.uk\/lt\/wp-json\/wp\/v2\/pages\/779","targetHints":{"allow":["GET"]}}],"collection":[{"href":"https:\/\/flowervendingmachine.co.uk\/lt\/wp-json\/wp\/v2\/pages"}],"about":[{"href":"https:\/\/flowervendingmachine.co.uk\/lt\/wp-json\/wp\/v2\/types\/page"}],"author":[{"embeddable":true,"href":"https:\/\/flowervendingmachine.co.uk\/lt\/wp-json\/wp\/v2\/users\/1"}],"replies":[{"embeddable":true,"href":"https:\/\/flowervendingmachine.co.uk\/lt\/wp-json\/wp\/v2\/comments?post=779"}],"version-history":[{"count":9,"href":"https:\/\/flowervendingmachine.co.uk\/lt\/wp-json\/wp\/v2\/pages\/779\/revisions"}],"predecessor-version":[{"id":904,"href":"https:\/\/flowervendingmachine.co.uk\/lt\/wp-json\/wp\/v2\/pages\/779\/revisions\/904"}],"wp:featuredmedia":[{"embeddable":true,"href":"https:\/\/flowervendingmachine.co.uk\/lt\/wp-json\/wp\/v2\/media\/737"}],"wp:attachment":[{"href":"https:\/\/flowervendingmachine.co.uk\/lt\/wp-json\/wp\/v2\/media?parent=779"}],"curies":[{"name":"wp","href":"https:\/\/api.w.org\/{rel}","templated":true}]}}